{"id":12,"date":"2017-11-01T14:44:28","date_gmt":"2017-11-01T14:44:28","guid":{"rendered":"http:\/\/news.aikido-dojo-ortenau.de\/?page_id=12"},"modified":"2025-09-09T08:27:03","modified_gmt":"2025-09-09T08:27:03","slug":"tendoryu-aikido","status":"publish","type":"page","link":"http:\/\/news.aikido-dojo-ortenau.de\/?page_id=12","title":{"rendered":"Tendoryu Aikido"},"content":{"rendered":"<h2><div id=\"metaslider-id-102\" style=\"max-width: 810px;\" class=\"ml-slider-3-100-1 metaslider metaslider-nivo metaslider-102 ml-slider ms-theme-default\" role=\"region\" aria-label=\"Tendoryu\" data-height=\"454\" data-width=\"810\">\n    <div id=\"metaslider_container_102\">\n        <div class='slider-wrapper theme-default'><div class='ribbon'><\/div><div id='metaslider_102' class='nivoSlider'><img src=\"http:\/\/news.aikido-dojo-ortenau.de\/wp-content\/uploads\/shimizu-4-1-676x378.jpg\" height=\"454\" width=\"810\" alt=\"\" class=\"slider-102 slide-104 msDefaultImage\" \/><img src=\"http:\/\/news.aikido-dojo-ortenau.de\/wp-content\/uploads\/shimizu-2-676x378.jpg\" height=\"454\" width=\"810\" alt=\"\" class=\"slider-102 slide-106 msDefaultImage\" \/><img src=\"http:\/\/news.aikido-dojo-ortenau.de\/wp-content\/uploads\/shimizu-3-676x378.jpg\" height=\"454\" width=\"810\" alt=\"\" class=\"slider-102 slide-109 msDefaultImage\" \/><\/div><\/div>\n        \n    <\/div>\n<\/div><\/h2>\n<p>&nbsp;<\/p>\n<h2>TENDORYU AIKIDO<\/h2>\n<p style=\"font-weight: 400;\"><strong>Tend\u014dry\u016b Aikid\u014d <\/strong>ist eine Stilrichtung des Aikid\u014d, die vom japanischen Meister\u00a0<strong>Kenji Shimizu <\/strong>gegr\u00fcndet wurde.<\/p>\n<p style=\"font-weight: 400;\">Shimizu Sensei war einer der letzten direkten Sch\u00fcler des Aikid\u014d-Begr\u00fcnders <strong>Morihei Ueshiba (O-Sensei)<\/strong>\u00a0und trainierte mehrere Jahre intensiv bei ihm. Nach Ueshibas Tod entwickelte Shimizu auf Basis seiner Erfahrungen seinen eigenen, eigenst\u00e4ndigen Stil:\u00a0<strong>Tend\u014dry\u016b<\/strong>, was \u00fcbersetzt etwa \u201eSchule des himmlischen Weges\u201c bedeutet.<\/p>\n<p style=\"font-weight: 400;\"><strong>Merkmale von Tend\u014dry\u016b Aikid\u014d<\/strong><\/p>\n<ul style=\"font-weight: 400;\">\n<li><strong>Flie\u00dfende, gro\u00dfe Bewegungen<\/strong>: Die Techniken sind oft weit und kreisf\u00f6rmig, mit einem starken Fokus auf K\u00f6rperbewegung (<em>tai sabaki<\/em>).<\/li>\n<li><strong>Sanft und kraftvoll zugleich<\/strong>: Weniger \u201ehart\u201c als manche andere Aikid\u014d-Stile, eher elegant und dynamisch.<\/li>\n<li><strong>Klare Struktur<\/strong>: Shimizu legte gro\u00dfen Wert auf systematisches Training und eine klare Didaktik.<\/li>\n<li><strong>International verbreitet<\/strong>: Vor allem in Deutschland und Europa stark vertreten, da Shimizu dort seit den 1970er Jahren regelm\u00e4\u00dfig Seminare gab.<\/li>\n<\/ul>\n<p style=\"font-weight: 400;\"><strong>Philosophie<\/strong><\/p>\n<p style=\"font-weight: 400;\">Wie auch im klassischen Aikid\u014d steht nicht der Wettkampf im Vordergrund, sondern das Prinzip der\u00a0<strong>Harmonie<\/strong>: Die Energie des Angreifers wird aufgenommen, umgelenkt und neutralisiert \u2013 ohne Aggression. \u201eTend\u014d\u201c verweist dabei auch auf eine spirituelle Dimension: den Weg in Einklang mit einem universellen, \u201ehimmlischen\u201c Prinzip.<\/p>\n<p style=\"font-weight: 400;\">&#x1f449; Kurz gesagt:\u00a0<strong>Tend\u014dry\u016b Aikid\u014d<\/strong>\u00a0ist eine sehr flie\u00dfende, elegante Stilrichtung des Aikid\u014d, die von Kenji Shimizu entwickelt wurde und heute besonders in Europa eine gro\u00dfe Rolle spielt.<\/p>\n<p style=\"font-weight: 400;\"><strong>Kenta Shimizu \u2013 \u201eWaka-Sensei\u201c \/\u00a0D\u014dj\u014dch\u014d<\/strong><\/p>\n<ul style=\"font-weight: 400;\">\n<li>Bereits seit mehreren Jahren unterst\u00fctzt\u00a0<strong>Kenta Shimizu<\/strong> (\u201eWaka-Sensei\u201c) seinen Vater in ganz zentralen Funktionen und gilt als designierter Nachfolger.<\/li>\n<li>Er \u00fcbernimmt die Leitung des Tend\u014dkan (Hauptdojo in Tokio) und wird als <strong>D\u014dj\u014dch\u014d<\/strong> (Dojo-Leiter) bezeichnet.<\/li>\n<li>Auch bei Seminaren in Deutschland und Europa tritt er als f\u00fchrende Lehrkraft auf und symbolisiert den \u00dcbergang in die n\u00e4chste Generation.<\/li>\n<\/ul>\n","protected":false},"excerpt":{"rendered":"<p>&nbsp; TENDORYU AIKIDO Tend\u014dry\u016b Aikid\u014d ist eine Stilrichtung des Aikid\u014d, die vom japanischen Meister\u00a0Kenji Shimizu gegr\u00fcndet wurde. Shimizu Sensei war einer der letzten direkten Sch\u00fcler des Aikid\u014d-Begr\u00fcnders Morihei Ueshiba (O-Sensei)\u00a0und trainierte mehrere Jahre intensiv bei ihm. Nach Ueshibas Tod entwickelte Shimizu auf Basis seiner Erfahrungen seinen eigenen, eigenst\u00e4ndigen Stil:\u00a0Tend\u014dry\u016b, was \u00fcbersetzt etwa \u201eSchule des himmlischen [&hellip;]<\/p>\n","protected":false},"author":4,"featured_media":0,"parent":0,"menu_order":0,"comment_status":"closed","ping_status":"closed","template":"","meta":[],"_links":{"self":[{"href":"http:\/\/news.aikido-dojo-ortenau.de\/index.php?rest_route=\/wp\/v2\/pages\/12"}],"collection":[{"href":"http:\/\/news.aikido-dojo-ortenau.de\/index.php?rest_route=\/wp\/v2\/pages"}],"about":[{"href":"http:\/\/news.aikido-dojo-ortenau.de\/index.php?rest_route=\/wp\/v2\/types\/page"}],"author":[{"embeddable":true,"href":"http:\/\/news.aikido-dojo-ortenau.de\/index.php?rest_route=\/wp\/v2\/users\/4"}],"replies":[{"embeddable":true,"href":"http:\/\/news.aikido-dojo-ortenau.de\/index.php?rest_route=%2Fwp%2Fv2%2Fcomments&post=12"}],"version-history":[{"count":6,"href":"http:\/\/news.aikido-dojo-ortenau.de\/index.php?rest_route=\/wp\/v2\/pages\/12\/revisions"}],"predecessor-version":[{"id":629,"href":"http:\/\/news.aikido-dojo-ortenau.de\/index.php?rest_route=\/wp\/v2\/pages\/12\/revisions\/629"}],"wp:attachment":[{"href":"http:\/\/news.aikido-dojo-ortenau.de\/index.php?rest_route=%2Fwp%2Fv2%2Fmedia&parent=12"}],"curies":[{"name":"wp","href":"https:\/\/api.w.org\/{rel}","templated":true}]}}