{"id":14,"date":"2017-11-01T14:46:32","date_gmt":"2017-11-01T14:46:32","guid":{"rendered":"http:\/\/news.aikido-dojo-ortenau.de\/?page_id=14"},"modified":"2023-02-01T09:13:53","modified_gmt":"2023-02-01T09:13:53","slug":"dojo","status":"publish","type":"page","link":"http:\/\/news.aikido-dojo-ortenau.de\/?page_id=14","title":{"rendered":"Dojo"},"content":{"rendered":"<p>Unser DOJO ist der Gymnastikraum der Sternenberghalle in Friesenheim, Oberweierer Hauptstr. 79 (am Ortsausgang rechts Richtung Oberweier)\u00a0Parkpl\u00e4tze sind unterhalb der Halle und dann zu Fu\u00df die lange Treppe hinauf ins Geb\u00e4ude.<\/p>\n<p><iframe loading=\"lazy\" src=\"https:\/\/maps.google.de\/maps?f=q&amp;source=s_q&amp;hl=de&amp;geocode=&amp;q=Sternenberg,+Friesenheim&amp;aq=0&amp;oq=sternen+friesenheim&amp;sll=48.438343,8.057626&amp;sspn=1.752931,3.913879&amp;ie=UTF8&amp;hq=&amp;hnear=Sternenberg,+77948+Friesenheim,+Freiburg,+Baden-W%C3%BCrttemberg&amp;t=m&amp;z=14&amp;iwloc=A&amp;output=embed\" width=\"680\" height=\"400\" frameborder=\"0\" marginwidth=\"0\" marginheight=\"0\" scrolling=\"no\" data-mce-fragment=\"1\"><\/iframe><br \/>\n<small><a href=\"https:\/\/maps.google.de\/maps?f=q&amp;source=embed&amp;hl=de&amp;geocode=&amp;q=Sternenberg,+Friesenheim&amp;aq=0&amp;oq=sternen+friesenheim&amp;sll=48.438343,8.057626&amp;sspn=1.752931,3.913879&amp;ie=UTF8&amp;hq=&amp;hnear=Sternenberg,+77948+Friesenheim,+Freiburg,+Baden-W%C3%BCrttemberg&amp;t=m&amp;z=14&amp;iwloc=A\">Gr\u00f6\u00dfere Kartenansicht<\/a><\/small><\/p>\n<p>Der Begriff DOJO bezeichnet heute in erster Linie einen Trainingsraum, in dem eine Kampfkunst trainiert wird. Im Gegensatz zu einer Sporthalle herrscht hier eine Atmosph\u00e4re der Ausgewogenheit, Ruhe und Einfachheit.<br \/>\nIm \u00fcbertragenen Sinne steht das Wort DOJO auch f\u00fcr die Gemeinschaft der dort \u00dcbenden.<\/p>\n","protected":false},"excerpt":{"rendered":"<p>Unser DOJO ist der Gymnastikraum der Sternenberghalle in Friesenheim, Oberweierer Hauptstr. 79 (am Ortsausgang rechts Richtung Oberweier)\u00a0Parkpl\u00e4tze sind unterhalb der Halle und dann zu Fu\u00df die lange Treppe hinauf ins Geb\u00e4ude. Gr\u00f6\u00dfere Kartenansicht Der Begriff DOJO bezeichnet heute in erster Linie einen Trainingsraum, in dem eine Kampfkunst trainiert wird. Im Gegensatz zu einer Sporthalle herrscht [&hellip;]<\/p>\n","protected":false},"author":4,"featured_media":0,"parent":0,"menu_order":0,"comment_status":"closed","ping_status":"closed","template":"","meta":[],"_links":{"self":[{"href":"http:\/\/news.aikido-dojo-ortenau.de\/index.php?rest_route=\/wp\/v2\/pages\/14"}],"collection":[{"href":"http:\/\/news.aikido-dojo-ortenau.de\/index.php?rest_route=\/wp\/v2\/pages"}],"about":[{"href":"http:\/\/news.aikido-dojo-ortenau.de\/index.php?rest_route=\/wp\/v2\/types\/page"}],"author":[{"embeddable":true,"href":"http:\/\/news.aikido-dojo-ortenau.de\/index.php?rest_route=\/wp\/v2\/users\/4"}],"replies":[{"embeddable":true,"href":"http:\/\/news.aikido-dojo-ortenau.de\/index.php?rest_route=%2Fwp%2Fv2%2Fcomments&post=14"}],"version-history":[{"count":2,"href":"http:\/\/news.aikido-dojo-ortenau.de\/index.php?rest_route=\/wp\/v2\/pages\/14\/revisions"}],"predecessor-version":[{"id":478,"href":"http:\/\/news.aikido-dojo-ortenau.de\/index.php?rest_route=\/wp\/v2\/pages\/14\/revisions\/478"}],"wp:attachment":[{"href":"http:\/\/news.aikido-dojo-ortenau.de\/index.php?rest_route=%2Fwp%2Fv2%2Fmedia&parent=14"}],"curies":[{"name":"wp","href":"https:\/\/api.w.org\/{rel}","templated":true}]}}