{"id":16,"date":"2017-11-01T14:48:56","date_gmt":"2017-11-01T14:48:56","guid":{"rendered":"http:\/\/news.aikido-dojo-ortenau.de\/?page_id=16"},"modified":"2017-11-04T19:07:20","modified_gmt":"2017-11-04T19:07:20","slug":"iaido","status":"publish","type":"page","link":"http:\/\/news.aikido-dojo-ortenau.de\/?page_id=16","title":{"rendered":"Iaido"},"content":{"rendered":"<h2><div id=\"metaslider-id-56\" style=\"max-width: 810px;\" class=\"ml-slider-3-100-1 metaslider metaslider-nivo metaslider-56 ml-slider .mslider ms-theme-default\" role=\"region\" aria-label=\"Slider 2\" data-height=\"454\" data-width=\"810\">\n    <div id=\"metaslider_container_56\">\n        <div class='slider-wrapper theme-default'><div class='ribbon'><\/div><div id='metaslider_56' class='nivoSlider'><img src=\"http:\/\/news.aikido-dojo-ortenau.de\/wp-content\/uploads\/jaido-02k-676x378.jpg\" height=\"454\" width=\"810\" alt=\"\" class=\"slider-56 slide-74 msDefaultImage\" \/><img src=\"http:\/\/news.aikido-dojo-ortenau.de\/wp-content\/uploads\/Jaido-03k-676x378.jpg\" height=\"454\" width=\"810\" alt=\"\" class=\"slider-56 slide-76 msDefaultImage\" \/><img src=\"http:\/\/news.aikido-dojo-ortenau.de\/wp-content\/uploads\/jaido-04k-676x378.jpg\" height=\"454\" width=\"810\" alt=\"\" class=\"slider-56 slide-78 msDefaultImage\" \/><img src=\"http:\/\/news.aikido-dojo-ortenau.de\/wp-content\/uploads\/jaido-05k-676x378.jpg\" height=\"454\" width=\"810\" alt=\"\" class=\"slider-56 slide-80 msDefaultImage\" \/><img src=\"http:\/\/news.aikido-dojo-ortenau.de\/wp-content\/uploads\/jaido-06k-676x378.jpg\" height=\"454\" width=\"810\" alt=\"\" class=\"slider-56 slide-82 msDefaultImage\" \/><\/div><\/div>\n        \n    <\/div>\n<\/div><\/h2>\n<h3>Iaido<\/h3>\n<p>der japanische Weg des Schwertziehens, entstand im\u00a017. Jahrhundert aus der Kampfkunst der Samurai. Beim Iaido wird das Schwert schon w\u00e4hrend des Ziehens als Waffe eingesetzt. Trainiert wird mit sogenannten Katas. In festgelegte Formen wird gegen einen imanig\u00e4ren Gegner gek\u00e4mpft. Ziel dabei ist die Einheit von K\u00f6rper, Geist und Waffe zu entwickeln (Ki-Ken-Tai-Ichi). Dadurch werden auch Konzentration, Reaktionsverm\u00f6gen und K\u00f6rperbeherschung geschult.<\/p>\n<p>Der von uns praktizierte Iaido-Stil wurde von Nishio Sensei\u00a0entwickelt. Er war Tr\u00e4ger des 8. Dan Aikido, 7. Dan Nihon Zendoku Iaido, 4. Dan Judo Kodokan und 4. Dan Shinto Jinen Ryu Karate und verstarb im M\u00e4rz 2005. Diese Form von Iaido verbindet die Schwertkunst mit der Kampfkunst des Aikido.\u00a0Das Training umfasst Partnerformen mit dem Bokken (Holzschwert), dem Jo (Nachbildung der Lanze aus Holz),\u00a0sowie die von Nishio Sensei festgelegten Iaidoformen. Wir orientieren uns an Shishia Sensei, 7. Dan Aikido, 5. Dan Iaido, einem direkter Sch\u00fcler von Nishio Sensei und Iaido-Beauftragter f\u00fcr Deutschland.<\/p>\n<p>Das Training wird von Ren\u00e9 Willmann (2. Dan Aikido, 1. Dan Iaido) im Auftrag von Hagen Seibert (4. Dan Iaido, 4. Dan Aikido) geleitet. \u00a0Iaido ist f\u00fcr jeden geeignet, der Spass an Bewegung hat. Budoerfahrungen sind nicht erforderlich.\u00a0Das Training findet im 1. Stock der Sternenberghalle Friesenheim \u00a0statt. Mittwochs von 20:15 bis 21:30 Uhr.<\/p>\n","protected":false},"excerpt":{"rendered":"<p>Iaido der japanische Weg des Schwertziehens, entstand im\u00a017. Jahrhundert aus der Kampfkunst der Samurai. Beim Iaido wird das Schwert schon w\u00e4hrend des Ziehens als Waffe eingesetzt. Trainiert wird mit sogenannten Katas. In festgelegte Formen wird gegen einen imanig\u00e4ren Gegner gek\u00e4mpft. Ziel dabei ist die Einheit von K\u00f6rper, Geist und Waffe zu entwickeln (Ki-Ken-Tai-Ichi). Dadurch werden [&hellip;]<\/p>\n","protected":false},"author":4,"featured_media":0,"parent":0,"menu_order":0,"comment_status":"closed","ping_status":"closed","template":"","meta":[],"_links":{"self":[{"href":"http:\/\/news.aikido-dojo-ortenau.de\/index.php?rest_route=\/wp\/v2\/pages\/16"}],"collection":[{"href":"http:\/\/news.aikido-dojo-ortenau.de\/index.php?rest_route=\/wp\/v2\/pages"}],"about":[{"href":"http:\/\/news.aikido-dojo-ortenau.de\/index.php?rest_route=\/wp\/v2\/types\/page"}],"author":[{"embeddable":true,"href":"http:\/\/news.aikido-dojo-ortenau.de\/index.php?rest_route=\/wp\/v2\/users\/4"}],"replies":[{"embeddable":true,"href":"http:\/\/news.aikido-dojo-ortenau.de\/index.php?rest_route=%2Fwp%2Fv2%2Fcomments&post=16"}],"version-history":[{"count":5,"href":"http:\/\/news.aikido-dojo-ortenau.de\/index.php?rest_route=\/wp\/v2\/pages\/16\/revisions"}],"predecessor-version":[{"id":190,"href":"http:\/\/news.aikido-dojo-ortenau.de\/index.php?rest_route=\/wp\/v2\/pages\/16\/revisions\/190"}],"wp:attachment":[{"href":"http:\/\/news.aikido-dojo-ortenau.de\/index.php?rest_route=%2Fwp%2Fv2%2Fmedia&parent=16"}],"curies":[{"name":"wp","href":"https:\/\/api.w.org\/{rel}","templated":true}]}}